{"id":30,"date":"2020-11-24T11:31:28","date_gmt":"2020-11-24T10:31:28","guid":{"rendered":"http:\/\/aip-ing.fr\/?page_id=30"},"modified":"2025-09-23T11:59:25","modified_gmt":"2025-09-23T09:59:25","slug":"contact","status":"publish","type":"page","link":"https:\/\/aip-ing.fr\/index.php\/contact\/","title":{"rendered":"Contact"},"content":{"rendered":"\n<p>Pour tout projet, renseignement vous pouvez nous contacter afin de vous aider.<\/p>\n\n\n\n<div style=\"height:30px\" aria-hidden=\"true\" class=\"wp-block-spacer\"><\/div>\n\n\n\n<div class=\"wp-block-columns\">\n<div class=\"wp-block-column\">\n<h3><strong>Par t\u00e9l\u00e9phone<\/strong><\/h3>\n\n\n\n<p><strong><a href=\"tel:0178904552\">01.78.90.45.51<\/a><\/strong><\/p>\n<\/div>\n\n\n\n<div class=\"wp-block-column\">\n<h3><strong>Par mail<\/strong><\/h3>\n\n\n\n<p class=\"has-text-align-left\"><strong><a href=\"mailto:contact@aip-ing.fr\">bet@aip-ing.fr<\/a><\/strong><\/p>\n<\/div>\n<\/div>\n\n\n\n<div style=\"height:30px\" aria-hidden=\"true\" class=\"wp-block-spacer\"><\/div>\n\n\n\n<h3><strong>Si\u00e8ge social<\/strong><\/h3>\n\n\n\n<p><strong>AGENCE \u00ceLE-DE-FRANCE<br><\/strong>24 rue de la Dhuys<br>93100 Montreuil<\/p>\n\n\n\n<div style=\"height:30px\" aria-hidden=\"true\" class=\"wp-block-spacer\"><\/div>\n\n\n\n<h3><strong>Autres agences<\/strong><\/h3>\n\n\n\n<div class=\"wp-block-columns\">\n<div class=\"wp-block-column\">\n<p><strong>AGENCE NORMANDIE<br><\/strong>Rue Honguemare<br>27310 Bourg-Achard<br><br>51 Rue Emile Zola<br>76600 Le Havre<br><br><br><\/p>\n<\/div>\n\n\n\n<div class=\"wp-block-column\">\n<p><strong>AGENCE HAUTS-DE-FRANCE<\/strong><br>202 Rue Elie Gruyelle<br>62110 Henin Beaumont<\/p>\n<\/div>\n\n\n\n<div class=\"wp-block-column\">\n<p><strong>AGENCE P.A.C.A<br><\/strong>3 Rue Fortia<br>13001 Marseille<\/p>\n<\/div>\n\n\n\n<div class=\"wp-block-column\">\n<p><strong>AGENCE LYON<br><\/strong>15 Chemin du Saquin<br>69130 \u00c9cully<\/p>\n<\/div>\n<\/div>\n","protected":false},"excerpt":{"rendered":"Pour tout projet, renseignement vous pouvez nous contacter afin de vous aider. Par t\u00e9l\u00e9phone 01.78.90.45.51 Par mail bet@aip-ing.fr Si\u00e8ge social AGENCE \u00ceLE-DE-FRANCE24 rue de la Dhuys93100 Montreuil Autres agences AGENCE NORMANDIERue Honguemare27310 Bourg-Achard 51 Rue Emile Zola76600 Le Havre AGENCE HAUTS-DE-FRANCE202 Rue Elie Gruyelle62110 Henin Beaumont AGENCE P.A.C.A3 Rue Fortia13001 Marseille AGENCE LYON15 Chemin du&#8230; <a class=\"view-article\" href=\"https:\/\/aip-ing.fr\/index.php\/contact\/\">View Article<\/a>","protected":false},"author":1,"featured_media":0,"parent":0,"menu_order":0,"comment_status":"closed","ping_status":"closed","template":"","meta":[],"yoast_head":"<!-- This site is optimized with the Yoast SEO plugin v15.4 - https:\/\/yoast.com\/wordpress\/plugins\/seo\/ -->\n<meta name=\"robots\" content=\"index, follow, max-snippet:-1, max-image-preview:large, max-video-preview:-1\" \/>\n<link rel=\"canonical\" href=\"https:\/\/aip-ing.fr\/index.php\/contact\/\" \/>\n<meta property=\"og:locale\" content=\"en_US\" \/>\n<meta property=\"og:type\" content=\"article\" \/>\n<meta property=\"og:title\" content=\"Contact - AIP ING\" \/>\n<meta property=\"og:description\" content=\"Pour tout projet, renseignement vous pouvez nous contacter afin de vous aider. Par t\u00e9l\u00e9phone 01.78.90.45.51 Par mail bet@aip-ing.fr Si\u00e8ge social AGENCE \u00ceLE-DE-FRANCE24 rue de la Dhuys93100 Montreuil Autres agences AGENCE NORMANDIERue Honguemare27310 Bourg-Achard 51 Rue Emile Zola76600 Le Havre AGENCE HAUTS-DE-FRANCE202 Rue Elie Gruyelle62110 Henin Beaumont AGENCE P.A.C.A3 Rue Fortia13001 Marseille AGENCE LYON15 Chemin du... View Article\" \/>\n<meta property=\"og:url\" content=\"https:\/\/aip-ing.fr\/index.php\/contact\/\" \/>\n<meta property=\"og:site_name\" content=\"AIP ING\" \/>\n<meta property=\"article:modified_time\" content=\"2025-09-23T09:59:25+00:00\" \/>\n<meta name=\"twitter:card\" content=\"summary_large_image\" \/>\n<meta name=\"twitter:label1\" content=\"Written by\">\n\t<meta name=\"twitter:data1\" content=\"admin5537\">\n\t<meta name=\"twitter:label2\" content=\"Est. reading time\">\n\t<meta name=\"twitter:data2\" content=\"0 minutes\">\n<script type=\"application\/ld+json\" class=\"yoast-schema-graph\">{\"@context\":\"https:\/\/schema.org\",\"@graph\":[{\"@type\":\"WebSite\",\"@id\":\"https:\/\/aip-ing.fr\/#website\",\"url\":\"https:\/\/aip-ing.fr\/\",\"name\":\"AIP ING\",\"description\":\"Ing\\u00e9nierie &amp; AMO\",\"potentialAction\":[{\"@type\":\"SearchAction\",\"target\":\"https:\/\/aip-ing.fr\/?s={search_term_string}\",\"query-input\":\"required name=search_term_string\"}],\"inLanguage\":\"en-US\"},{\"@type\":\"WebPage\",\"@id\":\"https:\/\/aip-ing.fr\/index.php\/contact\/#webpage\",\"url\":\"https:\/\/aip-ing.fr\/index.php\/contact\/\",\"name\":\"Contact - AIP ING\",\"isPartOf\":{\"@id\":\"https:\/\/aip-ing.fr\/#website\"},\"datePublished\":\"2020-11-24T10:31:28+00:00\",\"dateModified\":\"2025-09-23T09:59:25+00:00\",\"inLanguage\":\"en-US\",\"potentialAction\":[{\"@type\":\"ReadAction\",\"target\":[\"https:\/\/aip-ing.fr\/index.php\/contact\/\"]}]}]}<\/script>\n<!-- \/ Yoast SEO plugin. -->","_links":{"self":[{"href":"https:\/\/aip-ing.fr\/index.php\/wp-json\/wp\/v2\/pages\/30"}],"collection":[{"href":"https:\/\/aip-ing.fr\/index.php\/wp-json\/wp\/v2\/pages"}],"about":[{"href":"https:\/\/aip-ing.fr\/index.php\/wp-json\/wp\/v2\/types\/page"}],"author":[{"embeddable":true,"href":"https:\/\/aip-ing.fr\/index.php\/wp-json\/wp\/v2\/users\/1"}],"replies":[{"embeddable":true,"href":"https:\/\/aip-ing.fr\/index.php\/wp-json\/wp\/v2\/comments?post=30"}],"version-history":[{"count":52,"href":"https:\/\/aip-ing.fr\/index.php\/wp-json\/wp\/v2\/pages\/30\/revisions"}],"predecessor-version":[{"id":1925,"href":"https:\/\/aip-ing.fr\/index.php\/wp-json\/wp\/v2\/pages\/30\/revisions\/1925"}],"wp:attachment":[{"href":"https:\/\/aip-ing.fr\/index.php\/wp-json\/wp\/v2\/media?parent=30"}],"curies":[{"name":"wp","href":"https:\/\/api.w.org\/{rel}","templated":true}]}}