{"id":177,"date":"2020-12-17T12:16:29","date_gmt":"2020-12-17T11:16:29","guid":{"rendered":"http:\/\/aip-ing.fr\/?page_id=177"},"modified":"2021-01-26T15:14:22","modified_gmt":"2021-01-26T14:14:22","slug":"ingenierie","status":"publish","type":"page","link":"https:\/\/aip-ing.fr\/index.php\/ingenierie\/","title":{"rendered":"Ing\u00e9nierie"},"content":{"rendered":"\n<p><strong>AIP ING vous accompagne en tant que bureau d\u2019\u00e9tudes TCE<\/strong> <strong>depuis 1995.<\/strong><\/p>\n\n\n\n<p>Nos experts couvrent l\u2019ensemble des diff\u00e9rentes phases de vos projets.<br>\u00c0 l\u2019\u00e9coute de vos diff\u00e9rentes perspectives du projet, nous analysons, concevons, optimisons et faisons force de propositions.<\/p>\n\n\n\n<div style=\"height:50px\" aria-hidden=\"true\" class=\"wp-block-spacer\"><\/div>\n\n\n\n<div class=\"wp-block-columns\">\n<div class=\"wp-block-column\">\n<figure class=\"wp-block-image size-large\"><img loading=\"lazy\" width=\"700\" height=\"467\" src=\"http:\/\/aip-ing.fr\/wp-content\/uploads\/2021\/01\/pexels-pixabay-209224-700x467.jpg\" alt=\"\" class=\"wp-image-1116\" srcset=\"https:\/\/aip-ing.fr\/wp-content\/uploads\/2021\/01\/pexels-pixabay-209224-700x467.jpg 700w, https:\/\/aip-ing.fr\/wp-content\/uploads\/2021\/01\/pexels-pixabay-209224-250x167.jpg 250w, https:\/\/aip-ing.fr\/wp-content\/uploads\/2021\/01\/pexels-pixabay-209224-768x512.jpg 768w, https:\/\/aip-ing.fr\/wp-content\/uploads\/2021\/01\/pexels-pixabay-209224-1536x1024.jpg 1536w, https:\/\/aip-ing.fr\/wp-content\/uploads\/2021\/01\/pexels-pixabay-209224-2048x1365.jpg 2048w, https:\/\/aip-ing.fr\/wp-content\/uploads\/2021\/01\/pexels-pixabay-209224-120x80.jpg 120w\" sizes=\"(max-width: 700px) 100vw, 700px\" \/><\/figure>\n\n\n\n<h3 class=\"has-text-align-center\"><strong>\u00c9conomie du b\u00e2timent<\/strong><\/h3>\n\n\n\n<p>Tout au long du projet nous estimons les co\u00fbts et veillons au suivi administratif et financier du projet.<\/p>\n\n\n\n<div style=\"height:60px\" aria-hidden=\"true\" class=\"wp-block-spacer\"><\/div>\n\n\n\n<figure class=\"wp-block-image size-large\"><img loading=\"lazy\" width=\"2560\" height=\"1707\" src=\"http:\/\/aip-ing.fr\/wp-content\/uploads\/2021\/01\/pexels-pixabay-257770-1-edited-scaled.jpg\" alt=\"\" class=\"wp-image-1129\" srcset=\"https:\/\/aip-ing.fr\/wp-content\/uploads\/2021\/01\/pexels-pixabay-257770-1-edited-scaled.jpg 2560w, https:\/\/aip-ing.fr\/wp-content\/uploads\/2021\/01\/pexels-pixabay-257770-1-edited-250x167.jpg 250w, https:\/\/aip-ing.fr\/wp-content\/uploads\/2021\/01\/pexels-pixabay-257770-1-edited-700x467.jpg 700w, https:\/\/aip-ing.fr\/wp-content\/uploads\/2021\/01\/pexels-pixabay-257770-1-edited-768x512.jpg 768w, https:\/\/aip-ing.fr\/wp-content\/uploads\/2021\/01\/pexels-pixabay-257770-1-edited-1536x1024.jpg 1536w, https:\/\/aip-ing.fr\/wp-content\/uploads\/2021\/01\/pexels-pixabay-257770-1-edited-2048x1365.jpg 2048w, https:\/\/aip-ing.fr\/wp-content\/uploads\/2021\/01\/pexels-pixabay-257770-1-edited-120x80.jpg 120w\" sizes=\"(max-width: 2560px) 100vw, 2560px\" \/><\/figure>\n\n\n\n<h3 class=\"has-text-align-center\"><strong>Fluides<\/strong><\/h3>\n\n\n\n<p>En lien direct avec nos experts <a href=\"http:\/\/be-thermiclim.fr\/\" target=\"_blank\" rel=\"noreferrer noopener\">Thermi-Clim<\/a>, nos ing\u00e9nieurs interviendront sur la partie thermique du projet.<\/p>\n\n\n\n<div style=\"height:30px\" aria-hidden=\"true\" class=\"wp-block-spacer\"><\/div>\n<\/div>\n\n\n\n<div class=\"wp-block-column\">\n<figure class=\"wp-block-image size-large\"><img loading=\"lazy\" width=\"700\" height=\"466\" src=\"http:\/\/aip-ing.fr\/wp-content\/uploads\/2021\/01\/pexels-mali-maeder-69483-700x466.jpg\" alt=\"\" class=\"wp-image-1121\" srcset=\"https:\/\/aip-ing.fr\/wp-content\/uploads\/2021\/01\/pexels-mali-maeder-69483-700x466.jpg 700w, https:\/\/aip-ing.fr\/wp-content\/uploads\/2021\/01\/pexels-mali-maeder-69483-250x166.jpg 250w, https:\/\/aip-ing.fr\/wp-content\/uploads\/2021\/01\/pexels-mali-maeder-69483-768x511.jpg 768w, https:\/\/aip-ing.fr\/wp-content\/uploads\/2021\/01\/pexels-mali-maeder-69483-1536x1022.jpg 1536w, https:\/\/aip-ing.fr\/wp-content\/uploads\/2021\/01\/pexels-mali-maeder-69483-2048x1363.jpg 2048w, https:\/\/aip-ing.fr\/wp-content\/uploads\/2021\/01\/pexels-mali-maeder-69483-120x80.jpg 120w\" sizes=\"(max-width: 700px) 100vw, 700px\" \/><\/figure>\n\n\n\n<h3 class=\"has-text-align-center\"><strong>VRD<\/strong><\/h3>\n\n\n\n<p>AIP Ing met ici en collaboration l\u2019ensemble des experts et des comp\u00e9tences.<\/p>\n\n\n\n<div style=\"height:60px\" aria-hidden=\"true\" class=\"wp-block-spacer\"><\/div>\n\n\n\n<figure class=\"wp-block-image size-large\"><img loading=\"lazy\" width=\"700\" height=\"467\" src=\"http:\/\/aip-ing.fr\/wp-content\/uploads\/2021\/01\/scott-blake-x-ghf9LjrVg-unsplash-scaled-1-700x467.jpg\" alt=\"\" class=\"wp-image-1124\" srcset=\"https:\/\/aip-ing.fr\/wp-content\/uploads\/2021\/01\/scott-blake-x-ghf9LjrVg-unsplash-scaled-1-700x467.jpg 700w, https:\/\/aip-ing.fr\/wp-content\/uploads\/2021\/01\/scott-blake-x-ghf9LjrVg-unsplash-scaled-1-250x167.jpg 250w, https:\/\/aip-ing.fr\/wp-content\/uploads\/2021\/01\/scott-blake-x-ghf9LjrVg-unsplash-scaled-1-768x512.jpg 768w, https:\/\/aip-ing.fr\/wp-content\/uploads\/2021\/01\/scott-blake-x-ghf9LjrVg-unsplash-scaled-1-1536x1024.jpg 1536w, https:\/\/aip-ing.fr\/wp-content\/uploads\/2021\/01\/scott-blake-x-ghf9LjrVg-unsplash-scaled-1-2048x1366.jpg 2048w, https:\/\/aip-ing.fr\/wp-content\/uploads\/2021\/01\/scott-blake-x-ghf9LjrVg-unsplash-scaled-1-120x80.jpg 120w\" sizes=\"(max-width: 700px) 100vw, 700px\" \/><\/figure>\n\n\n\n<h3 class=\"has-text-align-center\"><strong>MOE DET \/ OPC<\/strong><\/h3>\n\n\n\n<p>Exp\u00e9rience, diplomatie et qualit\u00e9 d\u2019\u00e9coute sont quelques une des comp\u00e9tences acquises par nos experts.<\/p>\n<\/div>\n<\/div>\n\n\n\n<div class=\"wp-block-columns\">\n<div class=\"wp-block-column\">\n<figure class=\"wp-block-image size-large\"><img loading=\"lazy\" width=\"700\" height=\"467\" src=\"http:\/\/aip-ing.fr\/wp-content\/uploads\/2021\/01\/AdobeStock_140654497-700x467.jpeg\" alt=\"\" class=\"wp-image-595\" srcset=\"https:\/\/aip-ing.fr\/wp-content\/uploads\/2021\/01\/AdobeStock_140654497-700x467.jpeg 700w, https:\/\/aip-ing.fr\/wp-content\/uploads\/2021\/01\/AdobeStock_140654497-250x167.jpeg 250w, https:\/\/aip-ing.fr\/wp-content\/uploads\/2021\/01\/AdobeStock_140654497-768x512.jpeg 768w, https:\/\/aip-ing.fr\/wp-content\/uploads\/2021\/01\/AdobeStock_140654497-1536x1024.jpeg 1536w, https:\/\/aip-ing.fr\/wp-content\/uploads\/2021\/01\/AdobeStock_140654497-2048x1365.jpeg 2048w, https:\/\/aip-ing.fr\/wp-content\/uploads\/2021\/01\/AdobeStock_140654497-120x80.jpeg 120w\" sizes=\"(max-width: 700px) 100vw, 700px\" \/><\/figure>\n\n\n\n<h3 class=\"has-text-align-center\"><strong>Bureau d&#8217;\u00e9tude TCE<\/strong><\/h3>\n\n\n\n<div style=\"height:60px\" aria-hidden=\"true\" class=\"wp-block-spacer\"><\/div>\n\n\n\n<div style=\"height:30px\" aria-hidden=\"true\" class=\"wp-block-spacer\"><\/div>\n<\/div>\n\n\n\n<div class=\"wp-block-column\"><\/div>\n<\/div>\n","protected":false},"excerpt":{"rendered":"AIP ING vous accompagne en tant que bureau d\u2019\u00e9tudes TCE depuis 1995. Nos experts couvrent l\u2019ensemble des diff\u00e9rentes phases de vos projets.\u00c0 l\u2019\u00e9coute de vos diff\u00e9rentes perspectives du projet, nous analysons, concevons, optimisons et faisons force de propositions. \u00c9conomie du b\u00e2timent Tout au long du projet nous estimons les co\u00fbts et veillons au suivi administratif&#8230; <a class=\"view-article\" href=\"https:\/\/aip-ing.fr\/index.php\/ingenierie\/\">View Article<\/a>","protected":false},"author":1,"featured_media":0,"parent":0,"menu_order":0,"comment_status":"closed","ping_status":"closed","template":"","meta":[],"yoast_head":"<!-- This site is optimized with the Yoast SEO plugin v15.4 - https:\/\/yoast.com\/wordpress\/plugins\/seo\/ -->\n<meta name=\"robots\" content=\"index, follow, max-snippet:-1, max-image-preview:large, max-video-preview:-1\" \/>\n<link rel=\"canonical\" href=\"http:\/\/aip-ing.fr\/index.php\/ingenierie\/\" \/>\n<meta property=\"og:locale\" content=\"en_US\" \/>\n<meta property=\"og:type\" content=\"article\" \/>\n<meta property=\"og:title\" content=\"Ing\u00e9nierie - AIP ING\" \/>\n<meta property=\"og:description\" content=\"AIP ING vous accompagne en tant que bureau d\u2019\u00e9tudes TCE depuis 1995. Nos experts couvrent l\u2019ensemble des diff\u00e9rentes phases de vos projets.\u00c0 l\u2019\u00e9coute de vos diff\u00e9rentes perspectives du projet, nous analysons, concevons, optimisons et faisons force de propositions. \u00c9conomie du b\u00e2timent Tout au long du projet nous estimons les co\u00fbts et veillons au suivi administratif... View Article\" \/>\n<meta property=\"og:url\" content=\"http:\/\/aip-ing.fr\/index.php\/ingenierie\/\" \/>\n<meta property=\"og:site_name\" content=\"AIP ING\" \/>\n<meta property=\"article:modified_time\" content=\"2021-01-26T14:14:22+00:00\" \/>\n<meta property=\"og:image\" content=\"http:\/\/aip-ing.fr\/wp-content\/uploads\/2021\/01\/pexels-pixabay-209224-700x467.jpg\" \/>\n<meta name=\"twitter:card\" content=\"summary_large_image\" \/>\n<meta name=\"twitter:label1\" content=\"Written by\">\n\t<meta name=\"twitter:data1\" content=\"admin5537\">\n\t<meta name=\"twitter:label2\" content=\"Est. reading time\">\n\t<meta name=\"twitter:data2\" content=\"0 minutes\">\n<script type=\"application\/ld+json\" class=\"yoast-schema-graph\">{\"@context\":\"https:\/\/schema.org\",\"@graph\":[{\"@type\":\"WebSite\",\"@id\":\"https:\/\/aip-ing.fr\/#website\",\"url\":\"https:\/\/aip-ing.fr\/\",\"name\":\"AIP ING\",\"description\":\"Ing\\u00e9nierie &amp; AMO\",\"potentialAction\":[{\"@type\":\"SearchAction\",\"target\":\"https:\/\/aip-ing.fr\/?s={search_term_string}\",\"query-input\":\"required name=search_term_string\"}],\"inLanguage\":\"en-US\"},{\"@type\":\"ImageObject\",\"@id\":\"http:\/\/aip-ing.fr\/index.php\/ingenierie\/#primaryimage\",\"inLanguage\":\"en-US\",\"url\":\"http:\/\/aip-ing.fr\/wp-content\/uploads\/2021\/01\/pexels-pixabay-209224-700x467.jpg\"},{\"@type\":\"WebPage\",\"@id\":\"http:\/\/aip-ing.fr\/index.php\/ingenierie\/#webpage\",\"url\":\"http:\/\/aip-ing.fr\/index.php\/ingenierie\/\",\"name\":\"Ing\\u00e9nierie - AIP ING\",\"isPartOf\":{\"@id\":\"https:\/\/aip-ing.fr\/#website\"},\"primaryImageOfPage\":{\"@id\":\"http:\/\/aip-ing.fr\/index.php\/ingenierie\/#primaryimage\"},\"datePublished\":\"2020-12-17T11:16:29+00:00\",\"dateModified\":\"2021-01-26T14:14:22+00:00\",\"inLanguage\":\"en-US\",\"potentialAction\":[{\"@type\":\"ReadAction\",\"target\":[\"http:\/\/aip-ing.fr\/index.php\/ingenierie\/\"]}]}]}<\/script>\n<!-- \/ Yoast SEO plugin. -->","_links":{"self":[{"href":"https:\/\/aip-ing.fr\/index.php\/wp-json\/wp\/v2\/pages\/177"}],"collection":[{"href":"https:\/\/aip-ing.fr\/index.php\/wp-json\/wp\/v2\/pages"}],"about":[{"href":"https:\/\/aip-ing.fr\/index.php\/wp-json\/wp\/v2\/types\/page"}],"author":[{"embeddable":true,"href":"https:\/\/aip-ing.fr\/index.php\/wp-json\/wp\/v2\/users\/1"}],"replies":[{"embeddable":true,"href":"https:\/\/aip-ing.fr\/index.php\/wp-json\/wp\/v2\/comments?post=177"}],"version-history":[{"count":70,"href":"https:\/\/aip-ing.fr\/index.php\/wp-json\/wp\/v2\/pages\/177\/revisions"}],"predecessor-version":[{"id":1172,"href":"https:\/\/aip-ing.fr\/index.php\/wp-json\/wp\/v2\/pages\/177\/revisions\/1172"}],"wp:attachment":[{"href":"https:\/\/aip-ing.fr\/index.php\/wp-json\/wp\/v2\/media?parent=177"}],"curies":[{"name":"wp","href":"https:\/\/api.w.org\/{rel}","templated":true}]}}